{"id":1311,"date":"2020-04-29T16:50:49","date_gmt":"2020-04-29T16:50:49","guid":{"rendered":"https:\/\/tucarpa.cl\/web\/?page_id=1311"},"modified":"2020-05-07T15:57:35","modified_gmt":"2020-05-07T15:57:35","slug":"arriendo-carpas-pvc-bares-restaurantes","status":"publish","type":"page","link":"https:\/\/tucarpa.cl\/web\/arriendo-carpas-pvc-bares-restaurantes\/","title":{"rendered":"Area Bares &#038; Restaurantes"},"content":{"rendered":"<div id=\"pl-1311\"  class=\"panel-layout\" ><div id=\"pg-1311-0\"  class=\"panel-grid panel-no-style\" ><div id=\"pgc-1311-0-0\"  class=\"panel-grid-cell\" ><div id=\"panel-1311-0-0-0\" class=\"so-panel widget widget_sow-editor panel-first-child panel-last-child\" data-index=\"0\" ><div\n\t\t\t\n\t\t\tclass=\"so-widget-sow-editor so-widget-sow-editor-base\"\n\t\t\t\n\t\t>\n<div class=\"siteorigin-widget-tinymce textwidget\">\n\t<p><strong>Instalaci\u00f3n de carpas de PVC para los siguientes requerimientos:<\/strong><\/p>\n<ul>\n<li><strong>Extensi\u00f3n de restaurantes <\/strong><\/li>\n<li><strong>Separaci\u00f3n de espacios o salas de espera.<\/strong><\/li>\n<\/ul>\n<p><img loading=\"lazy\" decoding=\"async\" class=\"alignnone  wp-image-1345\" src=\"https:\/\/tucarpa.cl\/web\/wp-content\/uploads\/2020\/05\/arriendo-venta-carpa-pvc-transparente-cierre-terrazas-restaurantes.jpg\" alt=\"arriendo-venta-carpa-pvc-transparente-cierre-terrazas-restaurantes\" width=\"789\" height=\"442\" srcset=\"https:\/\/tucarpa.cl\/web\/wp-content\/uploads\/2020\/05\/arriendo-venta-carpa-pvc-transparente-cierre-terrazas-restaurantes-300x169.jpg 300w, https:\/\/tucarpa.cl\/web\/wp-content\/uploads\/2020\/05\/arriendo-venta-carpa-pvc-transparente-cierre-terrazas-restaurantes-540x304.jpg 540w\" sizes=\"(max-width: 789px) 100vw, 789px\" \/><\/p>\n<p>\u00a0<\/p>\n<p><strong>Las carpas pueden ser equipada incluyendo los siguientes materiales, artefactos e instalaciones:<\/strong><\/p>\n<p><strong>Carpas y toldos<\/strong><\/p>\n<ul>\n<li>Carpas 100 % impermeables de r\u00e1pido y seguro montaje.<\/li>\n<li>Toldos retractiles con laterales de pvc (Lavables).<\/li>\n<li>Cielos de pvc transparentes.<\/li>\n<li>Cortinas de PVC panor\u00e1micas a medidas<\/li>\n<li>Divisiones interiores confeccionadas a medida requerida.<\/li>\n<li>Estufas de patio.<\/li>\n<li>Instalaci\u00f3n de piso sint\u00e9tico (Lavable).<\/li>\n<\/ul>\n<p><strong>Modulaciones interiores<\/strong><\/p>\n<ul>\n<li>Estructura de aluminio modular con planchas blancas lavables.<\/li>\n<li>Paneles para divisiones de espacios a medida requerida.<\/li>\n<li>Mobiliario interior y exterior.<\/li>\n<li>Habilitaci\u00f3n el\u00e9ctrica para cada m\u00f3dulo.<\/li>\n<\/ul>\n<p><img loading=\"lazy\" decoding=\"async\" class=\"alignnone  wp-image-1346\" src=\"https:\/\/tucarpa.cl\/web\/wp-content\/uploads\/2020\/05\/arriendo-venta-carpa-pvc-cortina-transparente-cierre-terrazas-restaurantes.jpg\" alt=\"arriendo-venta-carpa-pvc-transparente-cierre-terrazas-restaurantes\" width=\"790\" height=\"445\" srcset=\"https:\/\/tucarpa.cl\/web\/wp-content\/uploads\/2020\/05\/arriendo-venta-carpa-pvc-cortina-transparente-cierre-terrazas-restaurantes.jpg 1920w, https:\/\/tucarpa.cl\/web\/wp-content\/uploads\/2020\/05\/arriendo-venta-carpa-pvc-cortina-transparente-cierre-terrazas-restaurantes-300x169.jpg 300w, https:\/\/tucarpa.cl\/web\/wp-content\/uploads\/2020\/05\/arriendo-venta-carpa-pvc-cortina-transparente-cierre-terrazas-restaurantes-768x432.jpg 768w, https:\/\/tucarpa.cl\/web\/wp-content\/uploads\/2020\/05\/arriendo-venta-carpa-pvc-cortina-transparente-cierre-terrazas-restaurantes-1024x576.jpg 1024w, https:\/\/tucarpa.cl\/web\/wp-content\/uploads\/2020\/05\/arriendo-venta-carpa-pvc-cortina-transparente-cierre-terrazas-restaurantes-540x304.jpg 540w, https:\/\/tucarpa.cl\/web\/wp-content\/uploads\/2020\/05\/arriendo-venta-carpa-pvc-cortina-transparente-cierre-terrazas-restaurantes-360x204.jpg 360w\" sizes=\"(max-width: 790px) 100vw, 790px\" \/><\/p>\n<figure id=\"attachment_1347\" aria-describedby=\"caption-attachment-1347\" style=\"width: 790px\" class=\"wp-caption alignnone\"><img loading=\"lazy\" decoding=\"async\" class=\" wp-image-1347\" src=\"https:\/\/tucarpa.cl\/web\/wp-content\/uploads\/2020\/05\/arriendo-carpa-pvc-transparente-cierre-terrazas-restaurantes.jpg\" alt=\"arriendo-venta-carpa-pvc-transparente-cierre-terrazas-restaurantes\" width=\"790\" height=\"444\" srcset=\"https:\/\/tucarpa.cl\/web\/wp-content\/uploads\/2020\/05\/arriendo-carpa-pvc-transparente-cierre-terrazas-restaurantes.jpg 1920w, https:\/\/tucarpa.cl\/web\/wp-content\/uploads\/2020\/05\/arriendo-carpa-pvc-transparente-cierre-terrazas-restaurantes-300x169.jpg 300w, https:\/\/tucarpa.cl\/web\/wp-content\/uploads\/2020\/05\/arriendo-carpa-pvc-transparente-cierre-terrazas-restaurantes-768x432.jpg 768w, https:\/\/tucarpa.cl\/web\/wp-content\/uploads\/2020\/05\/arriendo-carpa-pvc-transparente-cierre-terrazas-restaurantes-1024x576.jpg 1024w, https:\/\/tucarpa.cl\/web\/wp-content\/uploads\/2020\/05\/arriendo-carpa-pvc-transparente-cierre-terrazas-restaurantes-540x304.jpg 540w\" sizes=\"(max-width: 790px) 100vw, 790px\" \/><figcaption id=\"caption-attachment-1347\" class=\"wp-caption-text\">arriendo-venta-carpa-pvc-transparente-cierre-terrazas-restaurantes<\/figcaption><\/figure>\n<p>\u00a0<\/p>\n<\/div>\n<\/div><\/div><\/div><\/div><\/div>","protected":false},"excerpt":{"rendered":"<p>arriendo-venta-carpa-pvc-transparente-cierre-terrazas-restaurantes<\/p>\n","protected":false},"author":1,"featured_media":1345,"parent":0,"menu_order":0,"comment_status":"closed","ping_status":"closed","template":"","meta":{"footnotes":""},"class_list":["post-1311","page","type-page","status-publish","has-post-thumbnail","hentry"],"yoast_head":"<!-- This site is optimized with the Yoast SEO plugin v23.0 - https:\/\/yoast.com\/wordpress\/plugins\/seo\/ -->\n<title>Area Bares &amp; Restaurantes - Arriendo &amp; Venta carpas<\/title>\n<meta name=\"robots\" content=\"index, follow, max-snippet:-1, max-image-preview:large, max-video-preview:-1\" \/>\n<link rel=\"canonical\" href=\"https:\/\/tucarpa.cl\/web\/arriendo-carpas-pvc-bares-restaurantes\/\" \/>\n<meta property=\"og:locale\" content=\"es_ES\" \/>\n<meta property=\"og:type\" content=\"article\" \/>\n<meta property=\"og:title\" content=\"Area Bares &amp; Restaurantes - Arriendo &amp; Venta carpas\" \/>\n<meta property=\"og:description\" content=\"arriendo-venta-carpa-pvc-transparente-cierre-terrazas-restaurantes\" \/>\n<meta property=\"og:url\" content=\"https:\/\/tucarpa.cl\/web\/arriendo-carpas-pvc-bares-restaurantes\/\" \/>\n<meta property=\"og:site_name\" content=\"Arriendo &amp; Venta carpas\" \/>\n<meta property=\"article:modified_time\" content=\"2020-05-07T15:57:35+00:00\" \/>\n<meta property=\"og:image\" content=\"https:\/\/tucarpa.cl\/web\/wp-content\/uploads\/2020\/05\/arriendo-venta-carpa-pvc-transparente-cierre-terrazas-restaurantes.jpg\" \/>\n\t<meta property=\"og:image:width\" content=\"1920\" \/>\n\t<meta property=\"og:image:height\" content=\"1080\" \/>\n\t<meta property=\"og:image:type\" content=\"image\/jpeg\" \/>\n<meta name=\"twitter:card\" content=\"summary_large_image\" \/>\n<meta name=\"twitter:label1\" content=\"Tiempo de lectura\" \/>\n\t<meta name=\"twitter:data1\" content=\"1 minuto\" \/>\n<script type=\"application\/ld+json\" class=\"yoast-schema-graph\">{\"@context\":\"https:\/\/schema.org\",\"@graph\":[{\"@type\":\"WebPage\",\"@id\":\"https:\/\/tucarpa.cl\/web\/arriendo-carpas-pvc-bares-restaurantes\/\",\"url\":\"https:\/\/tucarpa.cl\/web\/arriendo-carpas-pvc-bares-restaurantes\/\",\"name\":\"Area Bares & Restaurantes - Arriendo &amp; Venta carpas\",\"isPartOf\":{\"@id\":\"https:\/\/tucarpa.cl\/web\/#website\"},\"primaryImageOfPage\":{\"@id\":\"https:\/\/tucarpa.cl\/web\/arriendo-carpas-pvc-bares-restaurantes\/#primaryimage\"},\"image\":{\"@id\":\"https:\/\/tucarpa.cl\/web\/arriendo-carpas-pvc-bares-restaurantes\/#primaryimage\"},\"thumbnailUrl\":\"https:\/\/tucarpa.cl\/web\/wp-content\/uploads\/2020\/05\/arriendo-venta-carpa-pvc-transparente-cierre-terrazas-restaurantes.jpg\",\"datePublished\":\"2020-04-29T16:50:49+00:00\",\"dateModified\":\"2020-05-07T15:57:35+00:00\",\"breadcrumb\":{\"@id\":\"https:\/\/tucarpa.cl\/web\/arriendo-carpas-pvc-bares-restaurantes\/#breadcrumb\"},\"inLanguage\":\"es\",\"potentialAction\":[{\"@type\":\"ReadAction\",\"target\":[\"https:\/\/tucarpa.cl\/web\/arriendo-carpas-pvc-bares-restaurantes\/\"]}]},{\"@type\":\"ImageObject\",\"inLanguage\":\"es\",\"@id\":\"https:\/\/tucarpa.cl\/web\/arriendo-carpas-pvc-bares-restaurantes\/#primaryimage\",\"url\":\"https:\/\/tucarpa.cl\/web\/wp-content\/uploads\/2020\/05\/arriendo-venta-carpa-pvc-transparente-cierre-terrazas-restaurantes.jpg\",\"contentUrl\":\"https:\/\/tucarpa.cl\/web\/wp-content\/uploads\/2020\/05\/arriendo-venta-carpa-pvc-transparente-cierre-terrazas-restaurantes.jpg\",\"width\":1920,\"height\":1080,\"caption\":\"arriendo-venta-carpa-pvc-transparente-cierre-terrazas-restaurantes\"},{\"@type\":\"BreadcrumbList\",\"@id\":\"https:\/\/tucarpa.cl\/web\/arriendo-carpas-pvc-bares-restaurantes\/#breadcrumb\",\"itemListElement\":[{\"@type\":\"ListItem\",\"position\":1,\"name\":\"Portada\",\"item\":\"https:\/\/tucarpa.cl\/web\/\"},{\"@type\":\"ListItem\",\"position\":2,\"name\":\"Area Bares &#038; Restaurantes\"}]},{\"@type\":\"WebSite\",\"@id\":\"https:\/\/tucarpa.cl\/web\/#website\",\"url\":\"https:\/\/tucarpa.cl\/web\/\",\"name\":\"Arriendo &amp; Venta carpas\",\"description\":\"Venta - Arriendo Carpas Industriales\",\"potentialAction\":[{\"@type\":\"SearchAction\",\"target\":{\"@type\":\"EntryPoint\",\"urlTemplate\":\"https:\/\/tucarpa.cl\/web\/?s={search_term_string}\"},\"query-input\":\"required name=search_term_string\"}],\"inLanguage\":\"es\"}]}<\/script>\n<!-- \/ Yoast SEO plugin. -->","yoast_head_json":{"title":"Area Bares & Restaurantes - Arriendo &amp; Venta carpas","robots":{"index":"index","follow":"follow","max-snippet":"max-snippet:-1","max-image-preview":"max-image-preview:large","max-video-preview":"max-video-preview:-1"},"canonical":"https:\/\/tucarpa.cl\/web\/arriendo-carpas-pvc-bares-restaurantes\/","og_locale":"es_ES","og_type":"article","og_title":"Area Bares & Restaurantes - Arriendo &amp; Venta carpas","og_description":"arriendo-venta-carpa-pvc-transparente-cierre-terrazas-restaurantes","og_url":"https:\/\/tucarpa.cl\/web\/arriendo-carpas-pvc-bares-restaurantes\/","og_site_name":"Arriendo &amp; Venta carpas","article_modified_time":"2020-05-07T15:57:35+00:00","og_image":[{"width":1920,"height":1080,"url":"https:\/\/tucarpa.cl\/web\/wp-content\/uploads\/2020\/05\/arriendo-venta-carpa-pvc-transparente-cierre-terrazas-restaurantes.jpg","type":"image\/jpeg"}],"twitter_card":"summary_large_image","twitter_misc":{"Tiempo de lectura":"1 minuto"},"schema":{"@context":"https:\/\/schema.org","@graph":[{"@type":"WebPage","@id":"https:\/\/tucarpa.cl\/web\/arriendo-carpas-pvc-bares-restaurantes\/","url":"https:\/\/tucarpa.cl\/web\/arriendo-carpas-pvc-bares-restaurantes\/","name":"Area Bares & Restaurantes - Arriendo &amp; Venta carpas","isPartOf":{"@id":"https:\/\/tucarpa.cl\/web\/#website"},"primaryImageOfPage":{"@id":"https:\/\/tucarpa.cl\/web\/arriendo-carpas-pvc-bares-restaurantes\/#primaryimage"},"image":{"@id":"https:\/\/tucarpa.cl\/web\/arriendo-carpas-pvc-bares-restaurantes\/#primaryimage"},"thumbnailUrl":"https:\/\/tucarpa.cl\/web\/wp-content\/uploads\/2020\/05\/arriendo-venta-carpa-pvc-transparente-cierre-terrazas-restaurantes.jpg","datePublished":"2020-04-29T16:50:49+00:00","dateModified":"2020-05-07T15:57:35+00:00","breadcrumb":{"@id":"https:\/\/tucarpa.cl\/web\/arriendo-carpas-pvc-bares-restaurantes\/#breadcrumb"},"inLanguage":"es","potentialAction":[{"@type":"ReadAction","target":["https:\/\/tucarpa.cl\/web\/arriendo-carpas-pvc-bares-restaurantes\/"]}]},{"@type":"ImageObject","inLanguage":"es","@id":"https:\/\/tucarpa.cl\/web\/arriendo-carpas-pvc-bares-restaurantes\/#primaryimage","url":"https:\/\/tucarpa.cl\/web\/wp-content\/uploads\/2020\/05\/arriendo-venta-carpa-pvc-transparente-cierre-terrazas-restaurantes.jpg","contentUrl":"https:\/\/tucarpa.cl\/web\/wp-content\/uploads\/2020\/05\/arriendo-venta-carpa-pvc-transparente-cierre-terrazas-restaurantes.jpg","width":1920,"height":1080,"caption":"arriendo-venta-carpa-pvc-transparente-cierre-terrazas-restaurantes"},{"@type":"BreadcrumbList","@id":"https:\/\/tucarpa.cl\/web\/arriendo-carpas-pvc-bares-restaurantes\/#breadcrumb","itemListElement":[{"@type":"ListItem","position":1,"name":"Portada","item":"https:\/\/tucarpa.cl\/web\/"},{"@type":"ListItem","position":2,"name":"Area Bares &#038; Restaurantes"}]},{"@type":"WebSite","@id":"https:\/\/tucarpa.cl\/web\/#website","url":"https:\/\/tucarpa.cl\/web\/","name":"Arriendo &amp; Venta carpas","description":"Venta - Arriendo Carpas Industriales","potentialAction":[{"@type":"SearchAction","target":{"@type":"EntryPoint","urlTemplate":"https:\/\/tucarpa.cl\/web\/?s={search_term_string}"},"query-input":"required name=search_term_string"}],"inLanguage":"es"}]}},"_links":{"self":[{"href":"https:\/\/tucarpa.cl\/web\/wp-json\/wp\/v2\/pages\/1311"}],"collection":[{"href":"https:\/\/tucarpa.cl\/web\/wp-json\/wp\/v2\/pages"}],"about":[{"href":"https:\/\/tucarpa.cl\/web\/wp-json\/wp\/v2\/types\/page"}],"author":[{"embeddable":true,"href":"https:\/\/tucarpa.cl\/web\/wp-json\/wp\/v2\/users\/1"}],"replies":[{"embeddable":true,"href":"https:\/\/tucarpa.cl\/web\/wp-json\/wp\/v2\/comments?post=1311"}],"version-history":[{"count":7,"href":"https:\/\/tucarpa.cl\/web\/wp-json\/wp\/v2\/pages\/1311\/revisions"}],"predecessor-version":[{"id":1368,"href":"https:\/\/tucarpa.cl\/web\/wp-json\/wp\/v2\/pages\/1311\/revisions\/1368"}],"wp:featuredmedia":[{"embeddable":true,"href":"https:\/\/tucarpa.cl\/web\/wp-json\/wp\/v2\/media\/1345"}],"wp:attachment":[{"href":"https:\/\/tucarpa.cl\/web\/wp-json\/wp\/v2\/media?parent=1311"}],"curies":[{"name":"wp","href":"https:\/\/api.w.org\/{rel}","templated":true}]}}