{"id":484,"date":"2015-11-13T13:01:20","date_gmt":"2015-11-13T13:01:20","guid":{"rendered":"http:\/\/xml-io.proteusthemes.com\/structurepress\/?page_id=484"},"modified":"2020-05-06T21:42:26","modified_gmt":"2020-05-06T21:42:26","slug":"venta-y-arriendo-carpas-industriales","status":"publish","type":"page","link":"https:\/\/tucarpa.cl\/web\/servicios\/venta-y-arriendo-carpas-industriales\/","title":{"rendered":"Carpas Industriales"},"content":{"rendered":"<div id=\"pl-484\"  class=\"panel-layout\" ><div id=\"pg-484-0\"  class=\"panel-grid panel-no-style\" ><div id=\"pgc-484-0-0\"  class=\"panel-grid-cell\" ><div id=\"panel-484-0-0-0\" class=\"so-panel widget widget_sow-editor panel-first-child panel-last-child\" data-index=\"0\" ><div\n\t\t\t\n\t\t\tclass=\"so-widget-sow-editor so-widget-sow-editor-base\"\n\t\t\t\n\t\t>\n<div class=\"siteorigin-widget-tinymce textwidget\">\n\t<p><strong><u>MAXISPACE<\/u><\/strong><\/p>\n<p>\u00a0<\/p>\n<p>Nuestras\u00a0<strong>estructuras de acero desmontables<\/strong>\u00a0de grandes dimensiones est\u00e1n dise\u00f1adas por un equipo altamente calificado de ingenieros. Su ligera estructura de acero de alto l\u00edmite el\u00e1stico nos permite\u00a0<strong>cubrir espacios\u00a0<\/strong>de grandes dimensiones.\u00a0<strong>Nuestras naves industriales desmontables<\/strong>\u00a0est\u00e1n dise\u00f1adas bajo el certificado EN1090, normativa europea de fabricaci\u00f3n, montaje y puesta en servicio.<\/p>\n<p>Soluciones de grandes espacios en un m\u00ednimo de tiempo. Adecuadas para grandes tareas de log\u00edstica, almacenaje, miner\u00eda, etc. Ofrecen grandes ventajas frente a la cimentaci\u00f3n convencional como su econom\u00eda y operatividad sin abandonar la calidad y Seguridad. Admiten todo tipo de puertas hasta de gran formato.<\/p>\n<p><strong>Caracter\u00edsticas:<\/strong><\/p>\n<p>\u00a0<\/p>\n<p><strong>Cubiertas:<\/strong><\/p>\n<p>\u00a0<\/p>\n<p>Lona textil trasl\u00facida sin aislamiento. De f\u00e1cil instalaci\u00f3n y con resultados efectivos. Su fibra textil deja pasar la luz mejorando la luminosidad del espacio.<br \/> Gramaje 650 g\/m\u00b2.<\/p>\n<p>\u00a0<\/p>\n<p>Lona textil opaca sin aislamiento. El hecho de no dejar pasar la luz la hace m\u00e1s fresca en verano.<br \/> Gramaje 850 g\/m\u00b2.<\/p>\n<p>\u00a0<\/p>\n<p>Lona con sistema TWS.<\/p>\n<p>El sistema Thermo Wind Safe posee dos l\u00e1minas de lona que crean una c\u00e1mara de aire estanca aportando un alto nivel de aislamiento t\u00e9rmico y estabilizaci\u00f3n de la estructura. Es recomendable para estructuras ligeras de gran formato que soportan cargas de viento o nieve. Disponible en translucido u opaco.<\/p>\n<p>\u00a0<\/p>\n<p>Techo r\u00edgido de panel s\u00e1ndwich<\/p>\n<p>Panel s\u00e1ndwich de caras met\u00e1licas y n\u00facleo aislante r\u00edgido. Con un alto poder aislante, sus juntas estancas machihembradas garantizan la total estanqueidad de la cubierta. Disponible en diversos espesores, recubrimientos y colores.<\/p>\n<p>\u00a0<\/p>\n<p>Techo r\u00edgido de chapa simple<\/p>\n<p>Perfil grecado de chapa de acero de alta calidad, conformado en fr\u00edo. Disponible en diversos espesores, recubrimientos y colores.<\/p>\n<p>Techo r\u00edgido de chapa simple con<\/p>\n<p>\u00a0<\/p>\n<p>l\u00e1mina anti-condensaci\u00f3n<\/p>\n<p>Perfil grecado de chapa de acero de alta calidad, conformado en fr\u00edo. Incorpora una l\u00e1mina textil en la cara inferior que absorbe la condensaci\u00f3n generada por la diferencia t\u00e9rmica entre la cara interior y exterior. Disponible en diversos espesores, recubrimientos y colores.<\/p>\n<p>\u00a0<\/p>\n<p>Cerramientos laterales<\/p>\n<p>Lona textil transl\u00facida u opaca sin aislamiento<\/p>\n<p>El sistema de cerramiento m\u00e1s econ\u00f3mico en cuanto a tiempo de instalaci\u00f3n. Posibilidad de montar unidades de una pieza que ofrecen gran resistencia al viento y durabilidad. Gramaje 650 o 850 g\/m\u00b2.<\/p>\n<p>\u00a0<\/p>\n<p>S\u00e1ndwich<\/p>\n<p>Panel r\u00edgido de doble chapa tipo s\u00e1ndwich, compuesto por dos caras de acero perfilado, prelacado y un alma aislante. Disponible en diferentes grosores dependiendo de las necesidades del proyecto, y en distintos materiales para cumplir requerimientos de resistencia al fuego.<\/p>\n<p>\u00a0<\/p>\n<p>Chapa simple grecada<\/p>\n<p>Cerramiento mediante paneles r\u00edgidos de chapa simple prelacada. Perfil grecado de chapa de alta calidad conformado en fr\u00edo 40\/250, ancho \u00fatil 1000 mm, greca 40 mm, grosor de 0,6 mm. Disponible en diversos espesores, recubrimientos y colores.<\/p>\n<p>\u00a0<\/p>\n<\/div>\n<\/div><\/div><\/div><div id=\"pgc-484-0-1\"  class=\"panel-grid-cell\" ><div id=\"panel-484-0-1-0\" class=\"so-panel widget widget_sow-editor panel-first-child panel-last-child\" data-index=\"1\" ><div\n\t\t\t\n\t\t\tclass=\"so-widget-sow-editor so-widget-sow-editor-base\"\n\t\t\t\n\t\t>\n<div class=\"siteorigin-widget-tinymce textwidget\">\n\t<p><img loading=\"lazy\" decoding=\"async\" class=\"alignnone size-full wp-image-1240\" src=\"https:\/\/tucarpa.cl\/web\/wp-content\/uploads\/2015\/11\/carpa-pvc-industrial.jpg\" alt=\"carpa pvc industrial\" width=\"4544\" height=\"2260\" srcset=\"https:\/\/tucarpa.cl\/web\/wp-content\/uploads\/2015\/11\/carpa-pvc-industrial.jpg 4544w, https:\/\/tucarpa.cl\/web\/wp-content\/uploads\/2015\/11\/carpa-pvc-industrial-300x149.jpg 300w, https:\/\/tucarpa.cl\/web\/wp-content\/uploads\/2015\/11\/carpa-pvc-industrial-768x382.jpg 768w, https:\/\/tucarpa.cl\/web\/wp-content\/uploads\/2015\/11\/carpa-pvc-industrial-1024x509.jpg 1024w, https:\/\/tucarpa.cl\/web\/wp-content\/uploads\/2015\/11\/carpa-pvc-industrial-540x269.jpg 540w\" sizes=\"(max-width: 4544px) 100vw, 4544px\" \/><\/p>\n<p>\u00a0<\/p>\n<p><img loading=\"lazy\" decoding=\"async\" class=\"alignnone  wp-image-1239\" src=\"https:\/\/tucarpa.cl\/web\/wp-content\/uploads\/2015\/11\/carpas-pvc-industrial.jpg\" alt=\"carpas pvc industrial\" width=\"1465\" height=\"824\" srcset=\"https:\/\/tucarpa.cl\/web\/wp-content\/uploads\/2015\/11\/carpas-pvc-industrial.jpg 1600w, https:\/\/tucarpa.cl\/web\/wp-content\/uploads\/2015\/11\/carpas-pvc-industrial-300x169.jpg 300w, https:\/\/tucarpa.cl\/web\/wp-content\/uploads\/2015\/11\/carpas-pvc-industrial-768x432.jpg 768w, https:\/\/tucarpa.cl\/web\/wp-content\/uploads\/2015\/11\/carpas-pvc-industrial-1024x576.jpg 1024w, https:\/\/tucarpa.cl\/web\/wp-content\/uploads\/2015\/11\/carpas-pvc-industrial-540x304.jpg 540w\" sizes=\"(max-width: 1465px) 100vw, 1465px\" \/><\/p>\n<p>\u00a0<\/p>\n<p><img loading=\"lazy\" decoding=\"async\" class=\" wp-image-1243\" src=\"https:\/\/tucarpa.cl\/web\/wp-content\/uploads\/2015\/11\/industrial-pvc-carpa.jpg\" alt=\"carpas industriales\" width=\"1465\" height=\"1099\" srcset=\"https:\/\/tucarpa.cl\/web\/wp-content\/uploads\/2015\/11\/industrial-pvc-carpa.jpg 4608w, https:\/\/tucarpa.cl\/web\/wp-content\/uploads\/2015\/11\/industrial-pvc-carpa-300x225.jpg 300w, https:\/\/tucarpa.cl\/web\/wp-content\/uploads\/2015\/11\/industrial-pvc-carpa-768x576.jpg 768w, https:\/\/tucarpa.cl\/web\/wp-content\/uploads\/2015\/11\/industrial-pvc-carpa-1024x768.jpg 1024w, https:\/\/tucarpa.cl\/web\/wp-content\/uploads\/2015\/11\/industrial-pvc-carpa-540x405.jpg 540w\" sizes=\"(max-width: 1465px) 100vw, 1465px\" \/><\/p>\n<p>\u00a0<\/p>\n<p>\u00a0<\/p>\n<p><img loading=\"lazy\" decoding=\"async\" class=\"alignnone  wp-image-1250\" src=\"https:\/\/tucarpa.cl\/web\/wp-content\/uploads\/2015\/11\/interior-carpa-pvc-industrial.jpg\" alt=\"interior carpa pvc industrial\" width=\"1468\" height=\"975\" srcset=\"https:\/\/tucarpa.cl\/web\/wp-content\/uploads\/2015\/11\/interior-carpa-pvc-industrial.jpg 1808w, https:\/\/tucarpa.cl\/web\/wp-content\/uploads\/2015\/11\/interior-carpa-pvc-industrial-300x199.jpg 300w, https:\/\/tucarpa.cl\/web\/wp-content\/uploads\/2015\/11\/interior-carpa-pvc-industrial-768x510.jpg 768w, https:\/\/tucarpa.cl\/web\/wp-content\/uploads\/2015\/11\/interior-carpa-pvc-industrial-1024x680.jpg 1024w, https:\/\/tucarpa.cl\/web\/wp-content\/uploads\/2015\/11\/interior-carpa-pvc-industrial-540x358.jpg 540w, https:\/\/tucarpa.cl\/web\/wp-content\/uploads\/2015\/11\/interior-carpa-pvc-industrial-360x240.jpg 360w, https:\/\/tucarpa.cl\/web\/wp-content\/uploads\/2015\/11\/interior-carpa-pvc-industrial-272x182.jpg 272w\" sizes=\"(max-width: 1468px) 100vw, 1468px\" \/><\/p>\n<p>\u00a0<\/p>\n<p>\u00a0<\/p>\n<p><img loading=\"lazy\" decoding=\"async\" class=\"alignnone size-full wp-image-1252\" src=\"https:\/\/tucarpa.cl\/web\/wp-content\/uploads\/2015\/11\/LATERAL.jpg\" alt=\"LATERAL\" width=\"1471\" height=\"825\" srcset=\"https:\/\/tucarpa.cl\/web\/wp-content\/uploads\/2015\/11\/LATERAL.jpg 1471w, https:\/\/tucarpa.cl\/web\/wp-content\/uploads\/2015\/11\/LATERAL-300x168.jpg 300w, https:\/\/tucarpa.cl\/web\/wp-content\/uploads\/2015\/11\/LATERAL-768x431.jpg 768w, https:\/\/tucarpa.cl\/web\/wp-content\/uploads\/2015\/11\/LATERAL-1024x574.jpg 1024w, https:\/\/tucarpa.cl\/web\/wp-content\/uploads\/2015\/11\/LATERAL-540x303.jpg 540w\" sizes=\"(max-width: 1471px) 100vw, 1471px\" \/><\/p>\n<\/div>\n<\/div><\/div><\/div><\/div><\/div>","protected":false},"excerpt":{"rendered":"<p>Nuestras estructuras de acero desmontables de grandes dimensiones est\u00e1n dise\u00f1adas por un equipo altamente calificado de ingenieros, <\/p>\n","protected":false},"author":1,"featured_media":1243,"parent":43,"menu_order":0,"comment_status":"closed","ping_status":"closed","template":"","meta":{"footnotes":""},"class_list":["post-484","page","type-page","status-publish","has-post-thumbnail","hentry"],"yoast_head":"<!-- This site is optimized with the Yoast SEO plugin v23.0 - https:\/\/yoast.com\/wordpress\/plugins\/seo\/ -->\n<title>Carpas Industriales - Arriendo &amp; Venta carpas<\/title>\n<meta name=\"robots\" content=\"index, follow, max-snippet:-1, max-image-preview:large, max-video-preview:-1\" \/>\n<link rel=\"canonical\" href=\"https:\/\/tucarpa.cl\/web\/servicios\/venta-y-arriendo-carpas-industriales\/\" \/>\n<meta property=\"og:locale\" content=\"es_ES\" \/>\n<meta property=\"og:type\" content=\"article\" \/>\n<meta property=\"og:title\" content=\"Carpas Industriales - Arriendo &amp; Venta carpas\" \/>\n<meta property=\"og:description\" content=\"Nuestras estructuras de acero desmontables de grandes dimensiones est\u00e1n dise\u00f1adas por un equipo altamente calificado de ingenieros,\" \/>\n<meta property=\"og:url\" content=\"https:\/\/tucarpa.cl\/web\/servicios\/venta-y-arriendo-carpas-industriales\/\" \/>\n<meta property=\"og:site_name\" content=\"Arriendo &amp; Venta carpas\" \/>\n<meta property=\"article:modified_time\" content=\"2020-05-06T21:42:26+00:00\" \/>\n<meta property=\"og:image\" content=\"https:\/\/tucarpa.cl\/web\/wp-content\/uploads\/2015\/11\/industrial-pvc-carpa.jpg\" \/>\n\t<meta property=\"og:image:width\" content=\"4608\" \/>\n\t<meta property=\"og:image:height\" content=\"3456\" \/>\n\t<meta property=\"og:image:type\" content=\"image\/jpeg\" \/>\n<meta name=\"twitter:card\" content=\"summary_large_image\" \/>\n<meta name=\"twitter:label1\" content=\"Tiempo de lectura\" \/>\n\t<meta name=\"twitter:data1\" content=\"3 minutos\" \/>\n<script type=\"application\/ld+json\" class=\"yoast-schema-graph\">{\"@context\":\"https:\/\/schema.org\",\"@graph\":[{\"@type\":\"WebPage\",\"@id\":\"https:\/\/tucarpa.cl\/web\/servicios\/venta-y-arriendo-carpas-industriales\/\",\"url\":\"https:\/\/tucarpa.cl\/web\/servicios\/venta-y-arriendo-carpas-industriales\/\",\"name\":\"Carpas Industriales - Arriendo &amp; Venta carpas\",\"isPartOf\":{\"@id\":\"https:\/\/tucarpa.cl\/web\/#website\"},\"primaryImageOfPage\":{\"@id\":\"https:\/\/tucarpa.cl\/web\/servicios\/venta-y-arriendo-carpas-industriales\/#primaryimage\"},\"image\":{\"@id\":\"https:\/\/tucarpa.cl\/web\/servicios\/venta-y-arriendo-carpas-industriales\/#primaryimage\"},\"thumbnailUrl\":\"https:\/\/tucarpa.cl\/web\/wp-content\/uploads\/2015\/11\/industrial-pvc-carpa.jpg\",\"datePublished\":\"2015-11-13T13:01:20+00:00\",\"dateModified\":\"2020-05-06T21:42:26+00:00\",\"breadcrumb\":{\"@id\":\"https:\/\/tucarpa.cl\/web\/servicios\/venta-y-arriendo-carpas-industriales\/#breadcrumb\"},\"inLanguage\":\"es\",\"potentialAction\":[{\"@type\":\"ReadAction\",\"target\":[\"https:\/\/tucarpa.cl\/web\/servicios\/venta-y-arriendo-carpas-industriales\/\"]}]},{\"@type\":\"ImageObject\",\"inLanguage\":\"es\",\"@id\":\"https:\/\/tucarpa.cl\/web\/servicios\/venta-y-arriendo-carpas-industriales\/#primaryimage\",\"url\":\"https:\/\/tucarpa.cl\/web\/wp-content\/uploads\/2015\/11\/industrial-pvc-carpa.jpg\",\"contentUrl\":\"https:\/\/tucarpa.cl\/web\/wp-content\/uploads\/2015\/11\/industrial-pvc-carpa.jpg\",\"width\":4608,\"height\":3456,\"caption\":\"carpas industriales\"},{\"@type\":\"BreadcrumbList\",\"@id\":\"https:\/\/tucarpa.cl\/web\/servicios\/venta-y-arriendo-carpas-industriales\/#breadcrumb\",\"itemListElement\":[{\"@type\":\"ListItem\",\"position\":1,\"name\":\"Portada\",\"item\":\"https:\/\/tucarpa.cl\/web\/\"},{\"@type\":\"ListItem\",\"position\":2,\"name\":\"Servicios\",\"item\":\"https:\/\/tucarpa.cl\/web\/servicios\/\"},{\"@type\":\"ListItem\",\"position\":3,\"name\":\"Carpas Industriales\"}]},{\"@type\":\"WebSite\",\"@id\":\"https:\/\/tucarpa.cl\/web\/#website\",\"url\":\"https:\/\/tucarpa.cl\/web\/\",\"name\":\"Arriendo &amp; Venta carpas\",\"description\":\"Venta - Arriendo Carpas Industriales\",\"potentialAction\":[{\"@type\":\"SearchAction\",\"target\":{\"@type\":\"EntryPoint\",\"urlTemplate\":\"https:\/\/tucarpa.cl\/web\/?s={search_term_string}\"},\"query-input\":\"required name=search_term_string\"}],\"inLanguage\":\"es\"}]}<\/script>\n<!-- \/ Yoast SEO plugin. -->","yoast_head_json":{"title":"Carpas Industriales - Arriendo &amp; Venta carpas","robots":{"index":"index","follow":"follow","max-snippet":"max-snippet:-1","max-image-preview":"max-image-preview:large","max-video-preview":"max-video-preview:-1"},"canonical":"https:\/\/tucarpa.cl\/web\/servicios\/venta-y-arriendo-carpas-industriales\/","og_locale":"es_ES","og_type":"article","og_title":"Carpas Industriales - Arriendo &amp; Venta carpas","og_description":"Nuestras estructuras de acero desmontables de grandes dimensiones est\u00e1n dise\u00f1adas por un equipo altamente calificado de ingenieros,","og_url":"https:\/\/tucarpa.cl\/web\/servicios\/venta-y-arriendo-carpas-industriales\/","og_site_name":"Arriendo &amp; Venta carpas","article_modified_time":"2020-05-06T21:42:26+00:00","og_image":[{"width":4608,"height":3456,"url":"https:\/\/tucarpa.cl\/web\/wp-content\/uploads\/2015\/11\/industrial-pvc-carpa.jpg","type":"image\/jpeg"}],"twitter_card":"summary_large_image","twitter_misc":{"Tiempo de lectura":"3 minutos"},"schema":{"@context":"https:\/\/schema.org","@graph":[{"@type":"WebPage","@id":"https:\/\/tucarpa.cl\/web\/servicios\/venta-y-arriendo-carpas-industriales\/","url":"https:\/\/tucarpa.cl\/web\/servicios\/venta-y-arriendo-carpas-industriales\/","name":"Carpas Industriales - Arriendo &amp; Venta carpas","isPartOf":{"@id":"https:\/\/tucarpa.cl\/web\/#website"},"primaryImageOfPage":{"@id":"https:\/\/tucarpa.cl\/web\/servicios\/venta-y-arriendo-carpas-industriales\/#primaryimage"},"image":{"@id":"https:\/\/tucarpa.cl\/web\/servicios\/venta-y-arriendo-carpas-industriales\/#primaryimage"},"thumbnailUrl":"https:\/\/tucarpa.cl\/web\/wp-content\/uploads\/2015\/11\/industrial-pvc-carpa.jpg","datePublished":"2015-11-13T13:01:20+00:00","dateModified":"2020-05-06T21:42:26+00:00","breadcrumb":{"@id":"https:\/\/tucarpa.cl\/web\/servicios\/venta-y-arriendo-carpas-industriales\/#breadcrumb"},"inLanguage":"es","potentialAction":[{"@type":"ReadAction","target":["https:\/\/tucarpa.cl\/web\/servicios\/venta-y-arriendo-carpas-industriales\/"]}]},{"@type":"ImageObject","inLanguage":"es","@id":"https:\/\/tucarpa.cl\/web\/servicios\/venta-y-arriendo-carpas-industriales\/#primaryimage","url":"https:\/\/tucarpa.cl\/web\/wp-content\/uploads\/2015\/11\/industrial-pvc-carpa.jpg","contentUrl":"https:\/\/tucarpa.cl\/web\/wp-content\/uploads\/2015\/11\/industrial-pvc-carpa.jpg","width":4608,"height":3456,"caption":"carpas industriales"},{"@type":"BreadcrumbList","@id":"https:\/\/tucarpa.cl\/web\/servicios\/venta-y-arriendo-carpas-industriales\/#breadcrumb","itemListElement":[{"@type":"ListItem","position":1,"name":"Portada","item":"https:\/\/tucarpa.cl\/web\/"},{"@type":"ListItem","position":2,"name":"Servicios","item":"https:\/\/tucarpa.cl\/web\/servicios\/"},{"@type":"ListItem","position":3,"name":"Carpas Industriales"}]},{"@type":"WebSite","@id":"https:\/\/tucarpa.cl\/web\/#website","url":"https:\/\/tucarpa.cl\/web\/","name":"Arriendo &amp; Venta carpas","description":"Venta - Arriendo Carpas Industriales","potentialAction":[{"@type":"SearchAction","target":{"@type":"EntryPoint","urlTemplate":"https:\/\/tucarpa.cl\/web\/?s={search_term_string}"},"query-input":"required name=search_term_string"}],"inLanguage":"es"}]}},"_links":{"self":[{"href":"https:\/\/tucarpa.cl\/web\/wp-json\/wp\/v2\/pages\/484"}],"collection":[{"href":"https:\/\/tucarpa.cl\/web\/wp-json\/wp\/v2\/pages"}],"about":[{"href":"https:\/\/tucarpa.cl\/web\/wp-json\/wp\/v2\/types\/page"}],"author":[{"embeddable":true,"href":"https:\/\/tucarpa.cl\/web\/wp-json\/wp\/v2\/users\/1"}],"replies":[{"embeddable":true,"href":"https:\/\/tucarpa.cl\/web\/wp-json\/wp\/v2\/comments?post=484"}],"version-history":[{"count":17,"href":"https:\/\/tucarpa.cl\/web\/wp-json\/wp\/v2\/pages\/484\/revisions"}],"predecessor-version":[{"id":1365,"href":"https:\/\/tucarpa.cl\/web\/wp-json\/wp\/v2\/pages\/484\/revisions\/1365"}],"up":[{"embeddable":true,"href":"https:\/\/tucarpa.cl\/web\/wp-json\/wp\/v2\/pages\/43"}],"wp:featuredmedia":[{"embeddable":true,"href":"https:\/\/tucarpa.cl\/web\/wp-json\/wp\/v2\/media\/1243"}],"wp:attachment":[{"href":"https:\/\/tucarpa.cl\/web\/wp-json\/wp\/v2\/media?parent=484"}],"curies":[{"name":"wp","href":"https:\/\/api.w.org\/{rel}","templated":true}]}}